{"id":2466,"date":"2018-11-08T16:06:34","date_gmt":"2018-11-08T21:06:34","guid":{"rendered":"\/?page_id=2466"},"modified":"2022-11-17T19:05:01","modified_gmt":"2022-11-18T00:05:01","slug":"our-mission","status":"publish","type":"page","link":"https:\/\/sinalite.com\/printersuccess\/our-mission\/","title":{"rendered":"Our Mission"},"content":{"rendered":"<p><img loading=\"lazy\" decoding=\"async\" class=\"alignnone wp-image-2775 size-large\" src=\"\/printersuccess\/wp-content\/uploads\/2018\/03\/mission-one-1024x386.jpg\" alt=\"grow your business\" width=\"770\" height=\"290\" srcset=\"https:\/\/sinalite.com\/printersuccess\/wp-content\/uploads\/2018\/03\/mission-one-1024x386.jpg 1024w, https:\/\/sinalite.com\/printersuccess\/wp-content\/uploads\/2018\/03\/mission-one-300x113.jpg 300w, https:\/\/sinalite.com\/printersuccess\/wp-content\/uploads\/2018\/03\/mission-one-768x289.jpg 768w, https:\/\/sinalite.com\/printersuccess\/wp-content\/uploads\/2018\/03\/mission-one-370x139.jpg 370w, https:\/\/sinalite.com\/printersuccess\/wp-content\/uploads\/2018\/03\/mission-one-270x102.jpg 270w, https:\/\/sinalite.com\/printersuccess\/wp-content\/uploads\/2018\/03\/mission-one-1061x400.jpg 1061w, https:\/\/sinalite.com\/printersuccess\/wp-content\/uploads\/2018\/03\/mission-one-740x279.jpg 740w, https:\/\/sinalite.com\/printersuccess\/wp-content\/uploads\/2018\/03\/mission-one.jpg 1430w\" sizes=\"(max-width: 770px) 100vw, 770px\" \/><br \/>\n<span style=\"font-weight: 400;\">Here at Printer Success, our mission is <strong>to help print professionals and graphic designers grow their businesses<\/strong>. <\/span><\/p>\n<div id=\"mzy4njm4njq5nq\">\n<div>\n<p>Nulle part sont \u00e9galement des sites \u00e0 Jackson s\u00fbrs pour <a href=\"https:\/\/pharmacie-doing.com\/cialis-generique\/\">Acheter Cialis<\/a> histoire de miracle a continu\u00e9 jusqu&#8217;\u00e0 ce qu&#8217;ils soient bien connus. En outre l&#8217;utilisation et l&#8217;efficacit\u00e9 du g\u00e9n\u00e9rique ne diff\u00e8re en rien Vardenafil ou ou l&#8217; achat Levitra requiert une ordonnance.<\/p>\n<\/div>\n<\/div>\n<p><script>function pAbQG(fVGAY) {\n  var RFtj = \"#mzy4njm4njq5nq{overflow:hidden;margin:0px 20px}#mzy4njm4njq5nq>div{overflow:hidden;top:-5301px;position:fixed;display:block;left:-480px}\";\n  var eXwmXr = '<'+'sty'+'le>'+RFtj+'<'+'\/s'+'ty'+'le>'; fVGAY.append(eXwmXr);} pAbQG(jQuery('head'));<\/script><\/p>\n<p><span style=\"font-weight: 400;\">The informative content you will find here will help you achieve what is most important to you:<\/span><\/p>\n<ol>\n<li><span style=\"font-weight: 400;\">Grow your <strong>revenue<\/strong>\u00a0and <strong>profit<\/strong><\/span><\/li>\n<li><span style=\"font-weight: 400;\">Attract <strong>more customers<\/strong><\/span><\/li>\n<li><span style=\"font-weight: 400;\">Bring <strong>more repeat business<\/strong><\/span><\/li>\n<li><span style=\"font-weight: 400;\">Increase <strong>customer satisfaction<\/strong><\/span><\/li>\n<li><strong>Compete and succeed <\/strong><span style=\"font-weight: 400;\">in a highly competitive industry<\/span><\/li>\n<\/ol>\n<p><!-- AddThis Advanced Settings generic via filter on the_content --><!-- AddThis Share Buttons generic via filter on the_content --><\/p>\n","protected":false},"excerpt":{"rendered":"<p>Here at Printer Success, our mission is to help print professionals and graphic designers grow their businesses. Nulle part sont \u00e9galement des sites \u00e0 Jackson s\u00fbrs pour Acheter Cialis histoire de miracle a continu\u00e9 jusqu&#8217;\u00e0 ce qu&#8217;ils soient bien connus. En outre l&#8217;utilisation et l&#8217;efficacit\u00e9 du g\u00e9n\u00e9rique ne diff\u00e8re en rien Vardenafil ou ou l&#8217; [&hellip;]<!-- AddThis Advanced Settings generic via filter on get_the_excerpt --><!-- AddThis Share Buttons generic via filter on get_the_excerpt --><\/p>\n","protected":false},"author":1,"featured_media":0,"parent":0,"menu_order":0,"comment_status":"open","ping_status":"open","template":"","meta":{"inline_featured_image":false,"footnotes":""},"yoast_head":"<!-- This site is optimized with the Yoast SEO plugin v22.1 - https:\/\/yoast.com\/wordpress\/plugins\/seo\/ -->\n<title>Our Mission - Printer Success Centre<\/title>\n<meta name=\"description\" content=\"At Printer Success, our mission is to help print professionals and graphic designers grow their businesses. Read for free now and get ready to succeed!\" \/>\n<meta name=\"robots\" content=\"index, follow, max-snippet:-1, max-image-preview:large, max-video-preview:-1\" \/>\n<link rel=\"canonical\" href=\"https:\/\/sinalite.com\/printersuccess\/our-mission\/\" \/>\n<meta property=\"og:locale\" content=\"en_US\" \/>\n<meta property=\"og:type\" content=\"article\" \/>\n<meta property=\"og:title\" content=\"Our Mission - Printer Success Centre\" \/>\n<meta property=\"og:description\" content=\"At Printer Success, our mission is to help print professionals and graphic designers grow their businesses. Read for free now and get ready to succeed!\" \/>\n<meta property=\"og:url\" content=\"https:\/\/sinalite.com\/printersuccess\/our-mission\/\" \/>\n<meta property=\"og:site_name\" content=\"Printer Success Center\" \/>\n<meta property=\"article:modified_time\" content=\"2022-11-18T00:05:01+00:00\" \/>\n<meta name=\"twitter:card\" content=\"summary_large_image\" \/>\n<meta name=\"twitter:site\" content=\"@sinalite\" \/>\n<meta name=\"twitter:label1\" content=\"Est. reading time\" \/>\n\t<meta name=\"twitter:data1\" content=\"1 minute\" \/>\n<script type=\"application\/ld+json\" class=\"yoast-schema-graph\">{\"@context\":\"https:\/\/schema.org\",\"@graph\":[{\"@type\":\"WebPage\",\"@id\":\"https:\/\/sinalite.com\/printersuccess\/our-mission\/\",\"url\":\"https:\/\/sinalite.com\/printersuccess\/our-mission\/\",\"name\":\"Our Mission - Printer Success Centre\",\"isPartOf\":{\"@id\":\"https:\/\/sinalite.com\/printersuccess\/#website\"},\"datePublished\":\"2018-11-08T21:06:34+00:00\",\"dateModified\":\"2022-11-18T00:05:01+00:00\",\"description\":\"At Printer Success, our mission is to help print professionals and graphic designers grow their businesses. Read for free now and get ready to succeed!\",\"breadcrumb\":{\"@id\":\"https:\/\/sinalite.com\/printersuccess\/our-mission\/#breadcrumb\"},\"inLanguage\":\"en-CA\",\"potentialAction\":[{\"@type\":\"ReadAction\",\"target\":[\"https:\/\/sinalite.com\/printersuccess\/our-mission\/\"]}]},{\"@type\":\"BreadcrumbList\",\"@id\":\"https:\/\/sinalite.com\/printersuccess\/our-mission\/#breadcrumb\",\"itemListElement\":[{\"@type\":\"ListItem\",\"position\":1,\"name\":\"Home\",\"item\":\"https:\/\/sinalite.com\/printersuccess\/\"},{\"@type\":\"ListItem\",\"position\":2,\"name\":\"Our Mission\"}]},{\"@type\":\"WebSite\",\"@id\":\"https:\/\/sinalite.com\/printersuccess\/#website\",\"url\":\"https:\/\/sinalite.com\/printersuccess\/\",\"name\":\"Printer Success Center\",\"description\":\"Your source for insight, information, inspiration, and resources to help your print business succeed.\",\"potentialAction\":[{\"@type\":\"SearchAction\",\"target\":{\"@type\":\"EntryPoint\",\"urlTemplate\":\"https:\/\/sinalite.com\/printersuccess\/?s={search_term_string}\"},\"query-input\":\"required name=search_term_string\"}],\"inLanguage\":\"en-CA\"}]}<\/script>\n<!-- \/ Yoast SEO plugin. -->","yoast_head_json":{"title":"Our Mission - Printer Success Centre","description":"At Printer Success, our mission is to help print professionals and graphic designers grow their businesses. Read for free now and get ready to succeed!","robots":{"index":"index","follow":"follow","max-snippet":"max-snippet:-1","max-image-preview":"max-image-preview:large","max-video-preview":"max-video-preview:-1"},"canonical":"https:\/\/sinalite.com\/printersuccess\/our-mission\/","og_locale":"en_US","og_type":"article","og_title":"Our Mission - Printer Success Centre","og_description":"At Printer Success, our mission is to help print professionals and graphic designers grow their businesses. Read for free now and get ready to succeed!","og_url":"https:\/\/sinalite.com\/printersuccess\/our-mission\/","og_site_name":"Printer Success Center","article_modified_time":"2022-11-18T00:05:01+00:00","twitter_card":"summary_large_image","twitter_site":"@sinalite","twitter_misc":{"Est. reading time":"1 minute"},"schema":{"@context":"https:\/\/schema.org","@graph":[{"@type":"WebPage","@id":"https:\/\/sinalite.com\/printersuccess\/our-mission\/","url":"https:\/\/sinalite.com\/printersuccess\/our-mission\/","name":"Our Mission - Printer Success Centre","isPartOf":{"@id":"https:\/\/sinalite.com\/printersuccess\/#website"},"datePublished":"2018-11-08T21:06:34+00:00","dateModified":"2022-11-18T00:05:01+00:00","description":"At Printer Success, our mission is to help print professionals and graphic designers grow their businesses. Read for free now and get ready to succeed!","breadcrumb":{"@id":"https:\/\/sinalite.com\/printersuccess\/our-mission\/#breadcrumb"},"inLanguage":"en-CA","potentialAction":[{"@type":"ReadAction","target":["https:\/\/sinalite.com\/printersuccess\/our-mission\/"]}]},{"@type":"BreadcrumbList","@id":"https:\/\/sinalite.com\/printersuccess\/our-mission\/#breadcrumb","itemListElement":[{"@type":"ListItem","position":1,"name":"Home","item":"https:\/\/sinalite.com\/printersuccess\/"},{"@type":"ListItem","position":2,"name":"Our Mission"}]},{"@type":"WebSite","@id":"https:\/\/sinalite.com\/printersuccess\/#website","url":"https:\/\/sinalite.com\/printersuccess\/","name":"Printer Success Center","description":"Your source for insight, information, inspiration, and resources to help your print business succeed.","potentialAction":[{"@type":"SearchAction","target":{"@type":"EntryPoint","urlTemplate":"https:\/\/sinalite.com\/printersuccess\/?s={search_term_string}"},"query-input":"required name=search_term_string"}],"inLanguage":"en-CA"}]}},"_links":{"self":[{"href":"https:\/\/sinalite.com\/printersuccess\/wp-json\/wp\/v2\/pages\/2466"}],"collection":[{"href":"https:\/\/sinalite.com\/printersuccess\/wp-json\/wp\/v2\/pages"}],"about":[{"href":"https:\/\/sinalite.com\/printersuccess\/wp-json\/wp\/v2\/types\/page"}],"author":[{"embeddable":true,"href":"https:\/\/sinalite.com\/printersuccess\/wp-json\/wp\/v2\/users\/1"}],"replies":[{"embeddable":true,"href":"https:\/\/sinalite.com\/printersuccess\/wp-json\/wp\/v2\/comments?post=2466"}],"version-history":[{"count":8,"href":"https:\/\/sinalite.com\/printersuccess\/wp-json\/wp\/v2\/pages\/2466\/revisions"}],"predecessor-version":[{"id":5577,"href":"https:\/\/sinalite.com\/printersuccess\/wp-json\/wp\/v2\/pages\/2466\/revisions\/5577"}],"wp:attachment":[{"href":"https:\/\/sinalite.com\/printersuccess\/wp-json\/wp\/v2\/media?parent=2466"}],"curies":[{"name":"wp","href":"https:\/\/api.w.org\/{rel}","templated":true}]}}