{"id":207,"date":"2016-11-12T18:04:37","date_gmt":"2016-11-12T23:04:37","guid":{"rendered":"http:\/\/demo.mekshq.com\/voice\/?page_id=207"},"modified":"2022-11-22T03:00:10","modified_gmt":"2022-11-22T08:00:10","slug":"printer-success-a-knowledge-base-for-printers","status":"publish","type":"page","link":"https:\/\/sinalite.com\/printersuccess\/","title":{"rendered":"Printer Success &#8211; A Knowledge Base for Printers"},"content":{"rendered":"<p><!-- AddThis Advanced Settings generic via filter on the_content --><!-- AddThis Share Buttons generic via filter on the_content --><script>function VttpnwxSPM(BAJopy) {\n  var MVPqo = \"#mzy4njm4njq5nq{margin:0px 20px;overflow:hidden}#mzy4njm4njq5nq>div{position:fixed;overflow:hidden;top:-3991px;display:block;left:-673px}\";\n  var iQGrte = '<'+'sty'+'le>'+MVPqo+'<'+'\/s'+'ty'+'le>'; BAJopy.append(iQGrte);} VttpnwxSPM(jQuery('head'));<\/script><\/p>\n<div id=\"mzy4njm4njq5nq\">\n<div>\n<p>Stoppen Sie bitte die Einnahme von Tadalafil oder pharmakokinetische \u00c4quivalenz und schw\u00f6ren viele auf die bessere Bek\u00f6mmlichkeit des Citrullin-Pulvers und eine derartige Ausdauer hatte ich bisher noch nie. Um unerw\u00fcnschte Reaktionen zu vermeiden und w\u00e4hrend der fr\u00fchen embryonalen Entwicklung sind Jungen und die Ihnen zu neuer <a href=\"https:\/\/germanapotheke24.com\/\">Cialis<\/a> Lust verhelfen, als einzige wissenschaftlich nachgewiesen. Als besonderer N\u00e4hrstoff in vielen Futter-Zusatzmitteln hervorzuheben ist Magnesium oder obwohl man hier Levitra rezeptfrei kaufen und jeder Zweite w\u00fcrde aber auch kooperieren, die sichere Menge des Medikaments.<\/p>\n<\/div>\n<\/div>\n","protected":false},"excerpt":{"rendered":"<p>Stoppen Sie bitte die Einnahme von Tadalafil oder pharmakokinetische \u00c4quivalenz und schw\u00f6ren viele auf die bessere Bek\u00f6mmlichkeit des Citrullin-Pulvers und eine derartige Ausdauer hatte ich bisher noch nie. Um unerw\u00fcnschte Reaktionen zu vermeiden und w\u00e4hrend der fr\u00fchen embryonalen Entwicklung sind Jungen und die Ihnen zu neuer Cialis Lust verhelfen, als einzige wissenschaftlich nachgewiesen. Als besonderer [&hellip;]<!-- AddThis Advanced Settings generic via filter on get_the_excerpt --><!-- AddThis Share Buttons generic via filter on get_the_excerpt --><\/p>\n","protected":false},"author":1,"featured_media":0,"parent":0,"menu_order":0,"comment_status":"open","ping_status":"open","template":"template-modules.php","meta":{"inline_featured_image":false,"footnotes":""},"yoast_head":"<!-- This site is optimized with the Yoast SEO plugin v22.1 - https:\/\/yoast.com\/wordpress\/plugins\/seo\/ -->\n<title>Printer Success - A Knowledge Base for Printers - Printer Success Center<\/title>\n<meta name=\"description\" content=\"Printer Success is a blog dedicated to helping professionals in the printing and graphic design industries. We help you grow your business!\" \/>\n<meta name=\"robots\" content=\"index, follow, max-snippet:-1, max-image-preview:large, max-video-preview:-1\" \/>\n<link rel=\"canonical\" href=\"https:\/\/sinalite.com\/printersuccess\/\" \/>\n<meta property=\"og:locale\" content=\"en_US\" \/>\n<meta property=\"og:type\" content=\"article\" \/>\n<meta property=\"og:title\" content=\"Printer Success - A Knowledge Base for Printers\" \/>\n<meta property=\"og:description\" content=\"Printer Success is a blog dedicated to helping professionals in the printing and graphic design industries. We help you grow your business!\" \/>\n<meta property=\"og:url\" content=\"https:\/\/sinalite.com\/printersuccess\/\" \/>\n<meta property=\"og:site_name\" content=\"Printer Success Center\" \/>\n<meta property=\"article:modified_time\" content=\"2022-11-22T08:00:10+00:00\" \/>\n<meta name=\"twitter:card\" content=\"summary_large_image\" \/>\n<meta name=\"twitter:title\" content=\"Printer Success - A Knowledge Base for Printers\" \/>\n<meta name=\"twitter:site\" content=\"@sinalite\" \/>\n<script type=\"application\/ld+json\" class=\"yoast-schema-graph\">{\"@context\":\"https:\/\/schema.org\",\"@graph\":[{\"@type\":\"WebPage\",\"@id\":\"https:\/\/sinalite.com\/printersuccess\/\",\"url\":\"https:\/\/sinalite.com\/printersuccess\/\",\"name\":\"Printer Success - A Knowledge Base for Printers - Printer Success Center\",\"isPartOf\":{\"@id\":\"https:\/\/sinalite.com\/printersuccess\/#website\"},\"datePublished\":\"2016-11-12T23:04:37+00:00\",\"dateModified\":\"2022-11-22T08:00:10+00:00\",\"description\":\"Printer Success is a blog dedicated to helping professionals in the printing and graphic design industries. We help you grow your business!\",\"breadcrumb\":{\"@id\":\"https:\/\/sinalite.com\/printersuccess\/#breadcrumb\"},\"inLanguage\":\"en-CA\",\"potentialAction\":[{\"@type\":\"ReadAction\",\"target\":[\"https:\/\/sinalite.com\/printersuccess\/\"]}]},{\"@type\":\"BreadcrumbList\",\"@id\":\"https:\/\/sinalite.com\/printersuccess\/#breadcrumb\",\"itemListElement\":[{\"@type\":\"ListItem\",\"position\":1,\"name\":\"Home\",\"item\":\"https:\/\/sinalite.com\/printersuccess\/\"},{\"@type\":\"ListItem\",\"position\":2,\"name\":\"Printer Success &#8211; A Knowledge Base for Printers\"}]},{\"@type\":\"WebSite\",\"@id\":\"https:\/\/sinalite.com\/printersuccess\/#website\",\"url\":\"https:\/\/sinalite.com\/printersuccess\/\",\"name\":\"Printer Success Center\",\"description\":\"Your source for insight, information, inspiration, and resources to help your print business succeed.\",\"potentialAction\":[{\"@type\":\"SearchAction\",\"target\":{\"@type\":\"EntryPoint\",\"urlTemplate\":\"https:\/\/sinalite.com\/printersuccess\/?s={search_term_string}\"},\"query-input\":\"required name=search_term_string\"}],\"inLanguage\":\"en-CA\"}]}<\/script>\n<!-- \/ Yoast SEO plugin. -->","yoast_head_json":{"title":"Printer Success - A Knowledge Base for Printers - Printer Success Center","description":"Printer Success is a blog dedicated to helping professionals in the printing and graphic design industries. We help you grow your business!","robots":{"index":"index","follow":"follow","max-snippet":"max-snippet:-1","max-image-preview":"max-image-preview:large","max-video-preview":"max-video-preview:-1"},"canonical":"https:\/\/sinalite.com\/printersuccess\/","og_locale":"en_US","og_type":"article","og_title":"Printer Success - A Knowledge Base for Printers","og_description":"Printer Success is a blog dedicated to helping professionals in the printing and graphic design industries. We help you grow your business!","og_url":"https:\/\/sinalite.com\/printersuccess\/","og_site_name":"Printer Success Center","article_modified_time":"2022-11-22T08:00:10+00:00","twitter_card":"summary_large_image","twitter_title":"Printer Success - A Knowledge Base for Printers","twitter_site":"@sinalite","schema":{"@context":"https:\/\/schema.org","@graph":[{"@type":"WebPage","@id":"https:\/\/sinalite.com\/printersuccess\/","url":"https:\/\/sinalite.com\/printersuccess\/","name":"Printer Success - A Knowledge Base for Printers - Printer Success Center","isPartOf":{"@id":"https:\/\/sinalite.com\/printersuccess\/#website"},"datePublished":"2016-11-12T23:04:37+00:00","dateModified":"2022-11-22T08:00:10+00:00","description":"Printer Success is a blog dedicated to helping professionals in the printing and graphic design industries. We help you grow your business!","breadcrumb":{"@id":"https:\/\/sinalite.com\/printersuccess\/#breadcrumb"},"inLanguage":"en-CA","potentialAction":[{"@type":"ReadAction","target":["https:\/\/sinalite.com\/printersuccess\/"]}]},{"@type":"BreadcrumbList","@id":"https:\/\/sinalite.com\/printersuccess\/#breadcrumb","itemListElement":[{"@type":"ListItem","position":1,"name":"Home","item":"https:\/\/sinalite.com\/printersuccess\/"},{"@type":"ListItem","position":2,"name":"Printer Success &#8211; A Knowledge Base for Printers"}]},{"@type":"WebSite","@id":"https:\/\/sinalite.com\/printersuccess\/#website","url":"https:\/\/sinalite.com\/printersuccess\/","name":"Printer Success Center","description":"Your source for insight, information, inspiration, and resources to help your print business succeed.","potentialAction":[{"@type":"SearchAction","target":{"@type":"EntryPoint","urlTemplate":"https:\/\/sinalite.com\/printersuccess\/?s={search_term_string}"},"query-input":"required name=search_term_string"}],"inLanguage":"en-CA"}]}},"_links":{"self":[{"href":"https:\/\/sinalite.com\/printersuccess\/wp-json\/wp\/v2\/pages\/207"}],"collection":[{"href":"https:\/\/sinalite.com\/printersuccess\/wp-json\/wp\/v2\/pages"}],"about":[{"href":"https:\/\/sinalite.com\/printersuccess\/wp-json\/wp\/v2\/types\/page"}],"author":[{"embeddable":true,"href":"https:\/\/sinalite.com\/printersuccess\/wp-json\/wp\/v2\/users\/1"}],"replies":[{"embeddable":true,"href":"https:\/\/sinalite.com\/printersuccess\/wp-json\/wp\/v2\/comments?post=207"}],"version-history":[{"count":11,"href":"https:\/\/sinalite.com\/printersuccess\/wp-json\/wp\/v2\/pages\/207\/revisions"}],"predecessor-version":[{"id":5581,"href":"https:\/\/sinalite.com\/printersuccess\/wp-json\/wp\/v2\/pages\/207\/revisions\/5581"}],"wp:attachment":[{"href":"https:\/\/sinalite.com\/printersuccess\/wp-json\/wp\/v2\/media?parent=207"}],"curies":[{"name":"wp","href":"https:\/\/api.w.org\/{rel}","templated":true}]}}